{"id":631,"date":"2019-09-17T13:10:08","date_gmt":"2019-09-17T11:10:08","guid":{"rendered":"https:\/\/www.festivalvedy.sk\/wp2\/?page_id=631"},"modified":"2019-09-17T13:10:09","modified_gmt":"2019-09-17T11:10:09","slug":"kriteria-hodnotenia","status":"publish","type":"page","link":"https:\/\/www.festivalvedy.sk\/wp2\/kriteria-hodnotenia\/","title":{"rendered":"Krit\u00e9ri\u00e1 hodnotenia"},"content":{"rendered":"\n<p>V r\u00e1mci bodov\u00e9ho hodnotenia sa\nhodnotia tieto z\u00e1kladn\u00e9 krit\u00e9ria:<\/p>\n\n\n\n<p><strong>Kreativita autora a originalita projektu:\nmaximum 20 bodov<\/strong><\/p>\n\n\n\n<p>Ukazuje dan\u00fd projekt kreativitu autora a originalitu\nprojektu? Pr\u00edstup autora k rie\u0161eniu dan\u00e9ho probl\u00e9mu, anal\u00fdza a interpret\u00e1cia\nz\u00edskan\u00fdch \u00fadajov a d\u00e1t, pou\u017eit\u00e9 n\u00e1stroje a met\u00f3dy.<\/p>\n\n\n\n<p><strong>Vedeckos\u0165 projektu: maximum 25 bodov<\/strong><\/p>\n\n\n\n<p>Je dan\u00fd probl\u00e9m dostato\u010dne zhodnoten\u00fd? Bol postaven\u00fd\npl\u00e1n na realiz\u00e1ciu projektu? Stanovil si autor ciele projektu spr\u00e1vne? S\u00fa\nz\u00edskan\u00e9 \u00fadaje dostato\u010dn\u00e9 pre dan\u00fd projekt? Spoznal autor obmedzenos\u0165 \u00fadajov?\nPochopil autor v\u00e4zby na pr\u00edbuzn\u00fa vedu? M\u00e1 autor predstavu o bud\u00facnosti\nprojektu? \u0160tudoval autor vedeck\u00fa aj n\u00e1u\u010dn\u00fa literat\u00faru alebo len noviny a\n\u010dasopisy?<\/p>\n\n\n\n<p><strong>Technick\u00fd z\u00e1mer projektu: maximum 15 bodov<\/strong><\/p>\n\n\n\n<p>M\u00e1 projekt jasn\u00fd z\u00e1mer? Je predmet z\u00e1ujmu autora v\nprojekte, jeho \u0161kolsk\u00fdm p\u00f4soben\u00edm? S\u00fa v\u00fdsledky projektu pou\u017eite\u013en\u00e9 aj\nakceptovate\u013en\u00e9 v praxi, s\u00fa ekonomicky realizovate\u013en\u00e9? Je v\u00fdsledok pokrokom a\nzdokonalen\u00edm in\u00fdch alternat\u00edv? Boli v\u00fdsledky testovan\u00e9?<\/p>\n\n\n\n<p><strong>D\u00f4slednos\u0165 autora, \u00faplnos\u0165 projektu: maximum\n15 bodov<\/strong><\/p>\n\n\n\n<p>Bol z\u00e1mer projektu naplnen\u00fd? Ako \u00faplne bol probl\u00e9m\npokryt\u00fd? Je v\u00fdsledok, v\u00fdsledkom jedn\u00e9ho experimentu alebo nez\u00e1visl\u00fdch viacer\u00fdch\nexperimentov? Ak\u00e9 d\u00f4sledn\u00e9 s\u00fa autorove pozn\u00e1mky? Je autor informovan\u00fd o in\u00fdch\npr\u00edstupoch a te\u00f3ri\u00e1ch k danej problematike? Ko\u013eko \u010dasu venoval autor dan\u00e9mu\nprojektu? Je tento \u010das primeran\u00fd v\u00fdsledkom? Je autor obozn\u00e1men\u00fd s vedeckou\nliterat\u00farou v danej oblasti?<\/p>\n\n\n\n<p><strong>Schopnosti a zru\u010dnosti autora: maximum 10\nbodov<\/strong><\/p>\n\n\n\n<p>Mal autor primeran\u00e9 vybavenie na z\u00edskanie\nprezentovan\u00fdch \u00fadajov a d\u00e1t? Kde bol projekt vykon\u00e1van\u00fd? Dost\u00e1val autor\nasistenciu od u\u010dite\u013eov, rodi\u010dov, odborn\u00edkov at\u010f.? Bol projekt zav\u0155\u0161en\u00fd pod doh\u013eadom\ndospel\u00e9ho alebo autor pracoval samostatne? Odkia\u013e boli pou\u017eit\u00e9 pom\u00f4cky a\nn\u00e1stroje? Vyrobil si ich autor s\u00e1m? Pou\u017eil laborat\u00f3rne (\u0161kolsk\u00e9) vybavenie?<\/p>\n\n\n\n<p><strong>Porozumenie projektu autorom: maximum 15\nbodov<\/strong><\/p>\n\n\n\n<p>Ako jasne autor diskutoval s hodnotite\u013eom o svojom\nprojekte? Vysvetlil \u00fa\u010del, postup a z\u00e1very? Rozumel autor danej problematike\nalebo len hovoril naspam\u00e4\u0165 nau\u010den\u00e9 fr\u00e1zy? Odr\u00e1\u017eal prilo\u017een\u00fd p\u00edsomn\u00fd elabor\u00e1t\npreh\u013ead autora v danej problematike? S\u00fa d\u00f4le\u017eit\u00e9 \u010dasti v\u00fdskumu autora\nusporiadan\u00e9 a zaznamen\u00e1van\u00e9? Ako jasne s\u00fa \u00fadaje prezentovan\u00e9? Ako jasne s\u00fa\nv\u00fdsledky prezentovan\u00e9? Ako jasne prezentuje vizu\u00e1lna str\u00e1nka projektu samotn\u00fd\nprojekt? Bola prezent\u00e1cia podan\u00e1 priamo a jasne, bez obch\u00e1dzania danej\nproblematiky a vtipkovania? Je t\u00e1to pr\u00e1ca pr\u00e1cou autora?<\/p>\n\n\n\n<p><strong>Spolu 100 bodov.<\/strong><\/p>\n","protected":false},"excerpt":{"rendered":"<p>V r\u00e1mci bodov\u00e9ho hodnotenia sa hodnotia tieto z\u00e1kladn\u00e9 krit\u00e9ria: Kreativita autora a originalita projektu: maximum 20 bodov Ukazuje dan\u00fd projekt kreativitu autora a originalitu projektu? Pr\u00edstup autora k rie\u0161eniu dan\u00e9ho probl\u00e9mu, anal\u00fdza a interpret\u00e1cia z\u00edskan\u00fdch \u00fadajov a d\u00e1t, pou\u017eit\u00e9 n\u00e1stroje a met\u00f3dy. Vedeckos\u0165 projektu: maximum 25 bodov Je dan\u00fd probl\u00e9m dostato\u010dne zhodnoten\u00fd? Bol postaven\u00fd pl\u00e1n [&hellip;]<\/p>\n","protected":false},"author":1,"featured_media":0,"parent":0,"menu_order":0,"comment_status":"closed","ping_status":"closed","template":"","meta":{"om_disable_all_campaigns":false,"_monsterinsights_skip_tracking":false,"_monsterinsights_sitenote_active":false,"_monsterinsights_sitenote_note":"","_monsterinsights_sitenote_category":0,"_uf_show_specific_survey":0,"_uf_disable_surveys":false,"footnotes":""},"class_list":["post-631","page","type-page","status-publish","hentry"],"yoast_head":"<!-- This site is optimized with the Yoast SEO plugin v27.2 - https:\/\/yoast.com\/product\/yoast-seo-wordpress\/ -->\n<title>Krit\u00e9ri\u00e1 hodnotenia - Festival vedy a techniky AMAVET<\/title>\n<meta name=\"robots\" content=\"index, follow, max-snippet:-1, max-image-preview:large, max-video-preview:-1\" \/>\n<link rel=\"canonical\" href=\"https:\/\/www.festivalvedy.sk\/wp2\/kriteria-hodnotenia\/\" \/>\n<meta property=\"og:locale\" content=\"sk_SK\" \/>\n<meta property=\"og:type\" content=\"article\" \/>\n<meta property=\"og:title\" content=\"Krit\u00e9ri\u00e1 hodnotenia - Festival vedy a techniky AMAVET\" \/>\n<meta property=\"og:description\" content=\"V r\u00e1mci bodov\u00e9ho hodnotenia sa hodnotia tieto z\u00e1kladn\u00e9 krit\u00e9ria: Kreativita autora a originalita projektu: maximum 20 bodov Ukazuje dan\u00fd projekt kreativitu autora a originalitu projektu? Pr\u00edstup autora k rie\u0161eniu dan\u00e9ho probl\u00e9mu, anal\u00fdza a interpret\u00e1cia z\u00edskan\u00fdch \u00fadajov a d\u00e1t, pou\u017eit\u00e9 n\u00e1stroje a met\u00f3dy. Vedeckos\u0165 projektu: maximum 25 bodov Je dan\u00fd probl\u00e9m dostato\u010dne zhodnoten\u00fd? Bol postaven\u00fd pl\u00e1n [&hellip;]\" \/>\n<meta property=\"og:url\" content=\"https:\/\/www.festivalvedy.sk\/wp2\/kriteria-hodnotenia\/\" \/>\n<meta property=\"og:site_name\" content=\"Festival vedy a techniky AMAVET\" \/>\n<meta property=\"article:modified_time\" content=\"2019-09-17T11:10:09+00:00\" \/>\n<meta name=\"twitter:card\" content=\"summary_large_image\" \/>\n<meta name=\"twitter:label1\" content=\"Predpokladan\u00fd \u010das \u010d\u00edtania\" \/>\n\t<meta name=\"twitter:data1\" content=\"2 min\u00faty\" \/>\n<script type=\"application\/ld+json\" class=\"yoast-schema-graph\">{\"@context\":\"https:\/\/schema.org\",\"@graph\":[{\"@type\":\"WebPage\",\"@id\":\"https:\/\/www.festivalvedy.sk\/wp2\/kriteria-hodnotenia\/\",\"url\":\"https:\/\/www.festivalvedy.sk\/wp2\/kriteria-hodnotenia\/\",\"name\":\"Krit\u00e9ri\u00e1 hodnotenia - Festival vedy a techniky AMAVET\",\"isPartOf\":{\"@id\":\"https:\/\/www.festivalvedy.sk\/wp2\/#website\"},\"datePublished\":\"2019-09-17T11:10:08+00:00\",\"dateModified\":\"2019-09-17T11:10:09+00:00\",\"breadcrumb\":{\"@id\":\"https:\/\/www.festivalvedy.sk\/wp2\/kriteria-hodnotenia\/#breadcrumb\"},\"inLanguage\":\"sk-SK\",\"potentialAction\":[{\"@type\":\"ReadAction\",\"target\":[\"https:\/\/www.festivalvedy.sk\/wp2\/kriteria-hodnotenia\/\"]}]},{\"@type\":\"BreadcrumbList\",\"@id\":\"https:\/\/www.festivalvedy.sk\/wp2\/kriteria-hodnotenia\/#breadcrumb\",\"itemListElement\":[{\"@type\":\"ListItem\",\"position\":1,\"name\":\"Home\",\"item\":\"https:\/\/www.festivalvedy.sk\/wp2\/\"},{\"@type\":\"ListItem\",\"position\":2,\"name\":\"Krit\u00e9ri\u00e1 hodnotenia\"}]},{\"@type\":\"WebSite\",\"@id\":\"https:\/\/www.festivalvedy.sk\/wp2\/#website\",\"url\":\"https:\/\/www.festivalvedy.sk\/wp2\/\",\"name\":\"Festival vedy a techniky AMAVET\",\"description\":\"AMAVET - Asoci\u00e1cia pre ml\u00e1de\u017e, vedu a techniku\",\"publisher\":{\"@id\":\"https:\/\/www.festivalvedy.sk\/wp2\/#organization\"},\"potentialAction\":[{\"@type\":\"SearchAction\",\"target\":{\"@type\":\"EntryPoint\",\"urlTemplate\":\"https:\/\/www.festivalvedy.sk\/wp2\/?s={search_term_string}\"},\"query-input\":{\"@type\":\"PropertyValueSpecification\",\"valueRequired\":true,\"valueName\":\"search_term_string\"}}],\"inLanguage\":\"sk-SK\"},{\"@type\":\"Organization\",\"@id\":\"https:\/\/www.festivalvedy.sk\/wp2\/#organization\",\"name\":\"Festival vedy a techniky AMAVET\",\"url\":\"https:\/\/www.festivalvedy.sk\/wp2\/\",\"logo\":{\"@type\":\"ImageObject\",\"inLanguage\":\"sk-SK\",\"@id\":\"https:\/\/www.festivalvedy.sk\/wp2\/#\/schema\/logo\/image\/\",\"url\":\"https:\/\/www.festivalvedy.sk\/wp2\/wp-content\/uploads\/2022\/02\/cropped-fvat-ochranna-zona.png\",\"contentUrl\":\"https:\/\/www.festivalvedy.sk\/wp2\/wp-content\/uploads\/2022\/02\/cropped-fvat-ochranna-zona.png\",\"width\":1190,\"height\":357,\"caption\":\"Festival vedy a techniky AMAVET\"},\"image\":{\"@id\":\"https:\/\/www.festivalvedy.sk\/wp2\/#\/schema\/logo\/image\/\"}}]}<\/script>\n<!-- \/ Yoast SEO plugin. -->","yoast_head_json":{"title":"Krit\u00e9ri\u00e1 hodnotenia - Festival vedy a techniky AMAVET","robots":{"index":"index","follow":"follow","max-snippet":"max-snippet:-1","max-image-preview":"max-image-preview:large","max-video-preview":"max-video-preview:-1"},"canonical":"https:\/\/www.festivalvedy.sk\/wp2\/kriteria-hodnotenia\/","og_locale":"sk_SK","og_type":"article","og_title":"Krit\u00e9ri\u00e1 hodnotenia - Festival vedy a techniky AMAVET","og_description":"V r\u00e1mci bodov\u00e9ho hodnotenia sa hodnotia tieto z\u00e1kladn\u00e9 krit\u00e9ria: Kreativita autora a originalita projektu: maximum 20 bodov Ukazuje dan\u00fd projekt kreativitu autora a originalitu projektu? Pr\u00edstup autora k rie\u0161eniu dan\u00e9ho probl\u00e9mu, anal\u00fdza a interpret\u00e1cia z\u00edskan\u00fdch \u00fadajov a d\u00e1t, pou\u017eit\u00e9 n\u00e1stroje a met\u00f3dy. Vedeckos\u0165 projektu: maximum 25 bodov Je dan\u00fd probl\u00e9m dostato\u010dne zhodnoten\u00fd? Bol postaven\u00fd pl\u00e1n [&hellip;]","og_url":"https:\/\/www.festivalvedy.sk\/wp2\/kriteria-hodnotenia\/","og_site_name":"Festival vedy a techniky AMAVET","article_modified_time":"2019-09-17T11:10:09+00:00","twitter_card":"summary_large_image","twitter_misc":{"Predpokladan\u00fd \u010das \u010d\u00edtania":"2 min\u00faty"},"schema":{"@context":"https:\/\/schema.org","@graph":[{"@type":"WebPage","@id":"https:\/\/www.festivalvedy.sk\/wp2\/kriteria-hodnotenia\/","url":"https:\/\/www.festivalvedy.sk\/wp2\/kriteria-hodnotenia\/","name":"Krit\u00e9ri\u00e1 hodnotenia - Festival vedy a techniky AMAVET","isPartOf":{"@id":"https:\/\/www.festivalvedy.sk\/wp2\/#website"},"datePublished":"2019-09-17T11:10:08+00:00","dateModified":"2019-09-17T11:10:09+00:00","breadcrumb":{"@id":"https:\/\/www.festivalvedy.sk\/wp2\/kriteria-hodnotenia\/#breadcrumb"},"inLanguage":"sk-SK","potentialAction":[{"@type":"ReadAction","target":["https:\/\/www.festivalvedy.sk\/wp2\/kriteria-hodnotenia\/"]}]},{"@type":"BreadcrumbList","@id":"https:\/\/www.festivalvedy.sk\/wp2\/kriteria-hodnotenia\/#breadcrumb","itemListElement":[{"@type":"ListItem","position":1,"name":"Home","item":"https:\/\/www.festivalvedy.sk\/wp2\/"},{"@type":"ListItem","position":2,"name":"Krit\u00e9ri\u00e1 hodnotenia"}]},{"@type":"WebSite","@id":"https:\/\/www.festivalvedy.sk\/wp2\/#website","url":"https:\/\/www.festivalvedy.sk\/wp2\/","name":"Festival vedy a techniky AMAVET","description":"AMAVET - Asoci\u00e1cia pre ml\u00e1de\u017e, vedu a techniku","publisher":{"@id":"https:\/\/www.festivalvedy.sk\/wp2\/#organization"},"potentialAction":[{"@type":"SearchAction","target":{"@type":"EntryPoint","urlTemplate":"https:\/\/www.festivalvedy.sk\/wp2\/?s={search_term_string}"},"query-input":{"@type":"PropertyValueSpecification","valueRequired":true,"valueName":"search_term_string"}}],"inLanguage":"sk-SK"},{"@type":"Organization","@id":"https:\/\/www.festivalvedy.sk\/wp2\/#organization","name":"Festival vedy a techniky AMAVET","url":"https:\/\/www.festivalvedy.sk\/wp2\/","logo":{"@type":"ImageObject","inLanguage":"sk-SK","@id":"https:\/\/www.festivalvedy.sk\/wp2\/#\/schema\/logo\/image\/","url":"https:\/\/www.festivalvedy.sk\/wp2\/wp-content\/uploads\/2022\/02\/cropped-fvat-ochranna-zona.png","contentUrl":"https:\/\/www.festivalvedy.sk\/wp2\/wp-content\/uploads\/2022\/02\/cropped-fvat-ochranna-zona.png","width":1190,"height":357,"caption":"Festival vedy a techniky AMAVET"},"image":{"@id":"https:\/\/www.festivalvedy.sk\/wp2\/#\/schema\/logo\/image\/"}}]}},"_links":{"self":[{"href":"https:\/\/www.festivalvedy.sk\/wp2\/wp-json\/wp\/v2\/pages\/631","targetHints":{"allow":["GET"]}}],"collection":[{"href":"https:\/\/www.festivalvedy.sk\/wp2\/wp-json\/wp\/v2\/pages"}],"about":[{"href":"https:\/\/www.festivalvedy.sk\/wp2\/wp-json\/wp\/v2\/types\/page"}],"author":[{"embeddable":true,"href":"https:\/\/www.festivalvedy.sk\/wp2\/wp-json\/wp\/v2\/users\/1"}],"replies":[{"embeddable":true,"href":"https:\/\/www.festivalvedy.sk\/wp2\/wp-json\/wp\/v2\/comments?post=631"}],"version-history":[{"count":1,"href":"https:\/\/www.festivalvedy.sk\/wp2\/wp-json\/wp\/v2\/pages\/631\/revisions"}],"predecessor-version":[{"id":632,"href":"https:\/\/www.festivalvedy.sk\/wp2\/wp-json\/wp\/v2\/pages\/631\/revisions\/632"}],"wp:attachment":[{"href":"https:\/\/www.festivalvedy.sk\/wp2\/wp-json\/wp\/v2\/media?parent=631"}],"curies":[{"name":"wp","href":"https:\/\/api.w.org\/{rel}","templated":true}]}}