{"id":77,"date":"2019-09-14T19:19:11","date_gmt":"2019-09-14T17:19:11","guid":{"rendered":"https:\/\/www.festivalvedy.sk\/wp2\/?page_id=77"},"modified":"2025-10-13T08:07:17","modified_gmt":"2025-10-13T06:07:17","slug":"kosicky-a-presovsky-kraj","status":"publish","type":"page","link":"https:\/\/www.festivalvedy.sk\/wp2\/kosicky-a-presovsky-kraj\/","title":{"rendered":"Ko\u0161ick\u00fd a Pre\u0161ovsk\u00fd kraj"},"content":{"rendered":"<section class=\"kc-elm kc-css-517198 kc_row\"><div class=\"kc-row-container  kc-container\"><div class=\"kc-wrap-columns\"><div class=\"kc-elm kc-css-881165 kc_col-sm-12 kc_column kc_col-sm-12\"><div class=\"kc-col-container\"><div class=\"kc-elm kc-css-195336 kc_text_block\"><p>&nbsp;&nbsp;&nbsp;&nbsp;&nbsp;&nbsp;&nbsp;&nbsp;&nbsp;&nbsp;&nbsp;&nbsp;&nbsp;&nbsp;&nbsp;&nbsp;&nbsp;&nbsp;&nbsp;&nbsp; <img loading=\"lazy\" decoding=\"async\" class=\"alignnone \" src=\"https:\/\/www.festivalvedy.sk\/wp2\/wp-content\/uploads\/2025\/07\/NR-KKFVAT.jpg\" alt=\"\" width=\"231\" height=\"326\"><\/p>\n<p>D\u00e1tum a miesto konania: 17.10.2025, Pr\u00edrodovedeck\u00e1 fakulta UPJ\u0160 v Ko\u0161iciach, Jesenn\u00e1 5, Ko\u0161ice<strong><br \/><\/strong><\/p>\n<p>Prihlasovanie do 30.9.2025 (vr\u00e1tane).<\/p>\n<p><strong style=\"font-style: inherit;\">Program<\/strong><\/p>\n<p><!-- \/wp:post-content --><\/p>\n<p><!-- wp:paragraph --><\/p>\n<p><!-- \/wp:paragraph --><\/p>\n<p><!-- wp:paragraph --><\/p>\n<p>8:00-9:00 Registr\u00e1cia pr\u00edprava st\u00e1nkov<br \/>9:00-9:15 Otvorenie podujatia<br \/>9:15 \u2013 14:00 hodnotenie projektov<br \/>11:00-12:00 Obed pod\u013ea skup\u00edn<br \/>15:00-16:00 Vyhl\u00e1senie v\u00fdsledkov<strong><br \/><\/strong><\/p>\n<p>* Program sa via\u017ee na hodnotenie projektov. Preto si pros\u00edm svoj odchod napl\u00e1nujte s \u010dasovou rezervou.<\/p>\n<p><strong>Koordin\u00e1tor krajsk\u00e9ho kola<\/strong><\/p>\n<p><!-- \/wp:paragraph --><\/p>\n<p><!-- wp:paragraph --><\/p>\n<p>RNDr. Mari\u00e1n Babin\u010d\u00e1k, PhD.<br \/>E-mail: babincak[zavinac]amavet.sk<\/p>\n<p><!-- \/wp:paragraph --><\/p>\n<p><!-- wp:paragraph --><\/p>\n<p><strong>Hodnotiaca komisia<\/strong><\/p>\n<p>doc. RNDr. Peter Prista\u0161, CSc. &#8211; predseda odbornej hodnotiacej komisie<\/p>\n<div>\n<div>doc. RNDr. Miroslav Alm\u00e1\u0161i, PhD.<\/div>\n<div>Ing. Judita Bachledov\u00e1<\/div>\n<div>Mgr. Zuzana Boberov\u00e1, PhD.<\/div>\n<div>Mgr. Eduard Dvorn\u00fd<\/div>\n<div>RNDr. J\u00e1n Ele\u010dko, PhD.<\/div>\n<div>Mgr. Zuzana Hamr\u00e1\u010dkov\u00e1&nbsp;<\/div>\n<div>Ing. Denisa Harvanov\u00e1, PhD.<\/div>\n<div>RNDr. Ter\u00e9zia Kiskov\u00e1, PhD.<\/div>\n<div>doc. Ing. Ondrej Kov\u00e1\u010d, PhD.<\/div>\n<div>RNDr. Katar\u00edna Kozelkov\u00e1, PhD.<\/div>\n<div>doc. Ing. Peter Luk\u00e1cs, PhD.<\/div>\n<div>RNDr. Miroslava Matikov\u00e1 Ma\u013earov\u00e1, PhD.<\/div>\n<div>RNDr. Anna Mi\u0161ianikov\u00e1, PhD.<\/div>\n<div>doc. Ing. Marek P\u00e1stor, PhD.<\/div>\n<div>doc. MVDr. Branislav Pe\u0165ko, DrSc.<\/div>\n<div>RNDr. Patrik \u0160imko, PhD.<\/div>\n<\/div>\n<p><\/p>\n<p><!-- \/wp:paragraph --><\/p>\n<p><!-- wp:paragraph --><\/p>\n<p><!-- \/wp:paragraph --><\/p>\n<p><!-- wp:paragraph --><\/p>\n<p><strong>Partneri podujatia<\/strong><\/p>\n<p><a href=\"https:\/\/www.upjs.sk\/prirodovedecka-fakulta\/\" target=\"_blank\" rel=\"noopener\">Pr\u00edrodovedeck\u00e1 fakulta UPJ\u0160 v Ko\u0161iciach<\/a><strong><br \/><\/strong><\/p>\n<p><!-- \/wp:paragraph --><\/p>\n<\/div><\/div><\/div><\/div><\/div><\/section><section class=\"kc-elm kc-css-978559 kc_row\"><div class=\"kc-row-container  kc-container\"><div class=\"kc-wrap-columns\"><div class=\"kc-elm kc-css-45797 kc_col-sm-2 kc_column kc_col-sm-2\"><div class=\"kc-col-container\"><\/div><\/div><div class=\"kc-elm kc-css-758128 kc_col-sm-2 kc_column kc_col-sm-2\"><div class=\"kc-col-container\"><\/div><\/div><div class=\"kc-elm kc-css-445454 kc_col-of-5 kc_column kc_col-of-5\"><div class=\"kc-col-container\"><div class=\"kc-elm kc-css-318861 kc_shortcode kc_single_image\">\n\n        <img decoding=\"async\" src=\"https:\/\/www.festivalvedy.sk\/wp2\/wp-content\/uploads\/2019\/10\/upjs_zm-120x120xc.png\" class=\"\" alt=\"\" \/>    <\/div>\n<\/div><\/div><div class=\"kc-elm kc-css-19242 kc_col-sm-2 kc_column kc_col-sm-2\"><div class=\"kc-col-container\"><div class=\"kc-elm kc-css-729094 kc_shortcode kc_single_image\">\n\n        <img decoding=\"async\" src=\"https:\/\/www.festivalvedy.sk\/wp2\/wp-content\/uploads\/2019\/10\/presovska-univerzita-120x120xc.jpg\" class=\"\" alt=\"\" \/>    <\/div>\n<\/div><\/div><div class=\"kc-elm kc-css-405552 kc_col-sm-2 kc_column kc_col-sm-2\"><div class=\"kc-col-container\"><\/div><\/div><div class=\"kc-elm kc-css-569981 kc_col-sm-2 kc_column kc_col-sm-2\"><div class=\"kc-col-container\"><\/div><\/div><\/div><\/div><\/section><section class=\"kc-elm kc-css-6624 kc_row\"><div class=\"kc-row-container  kc-container\"><div class=\"kc-wrap-columns\"><div class=\"kc-elm kc-css-788345 kc_col-sm-12 kc_column kc_col-sm-12\"><div class=\"kc-col-container\"><div class=\"kc-elm kc-css-989671\" style=\"height: 30px; clear: both; width:100%;\"><\/div>\n<div class=\"kc-elm kc-css-579616\">\n\t<a class=\"kc_button\" href=\"https:\/\/www.festivalvedy.sk\/wp2\/registracia-projektu\/\" target=\"_self\" title=\"\" onclick=\"\">\n\t\tPrihl\u00e1si\u0165 projekt\t<\/a>\n<\/div>\n<\/div><\/div><\/div><\/div><\/section>","protected":false},"excerpt":{"rendered":"","protected":false},"author":1,"featured_media":0,"parent":0,"menu_order":0,"comment_status":"closed","ping_status":"closed","template":"","meta":{"om_disable_all_campaigns":false,"_monsterinsights_skip_tracking":false,"_monsterinsights_sitenote_active":false,"_monsterinsights_sitenote_note":"","_monsterinsights_sitenote_category":0,"_uf_show_specific_survey":0,"_uf_disable_surveys":false,"footnotes":""},"class_list":["post-77","page","type-page","status-publish","hentry"],"yoast_head":"<!-- This site is optimized with the Yoast SEO plugin v27.2 - https:\/\/yoast.com\/product\/yoast-seo-wordpress\/ -->\n<title>Ko\u0161ick\u00fd a Pre\u0161ovsk\u00fd kraj - Festival vedy a techniky AMAVET<\/title>\n<meta name=\"robots\" content=\"index, follow, max-snippet:-1, max-image-preview:large, max-video-preview:-1\" \/>\n<link rel=\"canonical\" href=\"https:\/\/www.festivalvedy.sk\/wp2\/kosicky-a-presovsky-kraj\/\" \/>\n<meta property=\"og:locale\" content=\"sk_SK\" \/>\n<meta property=\"og:type\" content=\"article\" \/>\n<meta property=\"og:title\" content=\"Ko\u0161ick\u00fd a Pre\u0161ovsk\u00fd kraj - Festival vedy a techniky AMAVET\" \/>\n<meta property=\"og:description\" content=\"&nbsp;&nbsp;&nbsp;&nbsp;&nbsp;&nbsp;&nbsp;&nbsp;&nbsp;&nbsp;&nbsp;&nbsp;&nbsp;&nbsp;&nbsp;&nbsp;&nbsp;&nbsp;&nbsp;&nbsp; D\u00e1tum a miesto konania: 17.10.2025, Pr\u00edrodovedeck\u00e1 fakulta UPJ\u0160 v Ko\u0161iciach, Jesenn\u00e1 5, Ko\u0161ice Prihlasovanie do 30.9.2025 (vr\u00e1tane). Program 8:00-9:00 Registr\u00e1cia pr\u00edprava st\u00e1nkov9:00-9:15 Otvorenie podujatia9:15 \u2013 14:00 hodnotenie projektov11:00-12:00 Obed pod\u013ea skup\u00edn15:00-16:00 Vyhl\u00e1senie v\u00fdsledkov * Program sa via\u017ee na hodnotenie projektov. Preto si pros\u00edm svoj odchod napl\u00e1nujte s \u010dasovou rezervou. Koordin\u00e1tor krajsk\u00e9ho kola RNDr. Mari\u00e1n [&hellip;]\" \/>\n<meta property=\"og:url\" content=\"https:\/\/www.festivalvedy.sk\/wp2\/kosicky-a-presovsky-kraj\/\" \/>\n<meta property=\"og:site_name\" content=\"Festival vedy a techniky AMAVET\" \/>\n<meta property=\"article:modified_time\" content=\"2025-10-13T06:07:17+00:00\" \/>\n<meta property=\"og:image\" content=\"https:\/\/www.festivalvedy.sk\/wp2\/wp-content\/uploads\/2025\/07\/NR-KKFVAT.jpg\" \/>\n<meta name=\"twitter:card\" content=\"summary_large_image\" \/>\n<meta name=\"twitter:label1\" content=\"Predpokladan\u00fd \u010das \u010d\u00edtania\" \/>\n\t<meta name=\"twitter:data1\" content=\"2 min\u00faty\" \/>\n<script type=\"application\/ld+json\" class=\"yoast-schema-graph\">{\"@context\":\"https:\/\/schema.org\",\"@graph\":[{\"@type\":\"WebPage\",\"@id\":\"https:\/\/www.festivalvedy.sk\/wp2\/kosicky-a-presovsky-kraj\/\",\"url\":\"https:\/\/www.festivalvedy.sk\/wp2\/kosicky-a-presovsky-kraj\/\",\"name\":\"Ko\u0161ick\u00fd a Pre\u0161ovsk\u00fd kraj - Festival vedy a techniky AMAVET\",\"isPartOf\":{\"@id\":\"https:\/\/www.festivalvedy.sk\/wp2\/#website\"},\"primaryImageOfPage\":{\"@id\":\"https:\/\/www.festivalvedy.sk\/wp2\/kosicky-a-presovsky-kraj\/#primaryimage\"},\"image\":{\"@id\":\"https:\/\/www.festivalvedy.sk\/wp2\/kosicky-a-presovsky-kraj\/#primaryimage\"},\"thumbnailUrl\":\"https:\/\/www.festivalvedy.sk\/wp2\/wp-content\/uploads\/2025\/07\/NR-KKFVAT.jpg\",\"datePublished\":\"2019-09-14T17:19:11+00:00\",\"dateModified\":\"2025-10-13T06:07:17+00:00\",\"breadcrumb\":{\"@id\":\"https:\/\/www.festivalvedy.sk\/wp2\/kosicky-a-presovsky-kraj\/#breadcrumb\"},\"inLanguage\":\"sk-SK\",\"potentialAction\":[{\"@type\":\"ReadAction\",\"target\":[\"https:\/\/www.festivalvedy.sk\/wp2\/kosicky-a-presovsky-kraj\/\"]}]},{\"@type\":\"ImageObject\",\"inLanguage\":\"sk-SK\",\"@id\":\"https:\/\/www.festivalvedy.sk\/wp2\/kosicky-a-presovsky-kraj\/#primaryimage\",\"url\":\"https:\/\/www.festivalvedy.sk\/wp2\/wp-content\/uploads\/2025\/07\/NR-KKFVAT.jpg\",\"contentUrl\":\"https:\/\/www.festivalvedy.sk\/wp2\/wp-content\/uploads\/2025\/07\/NR-KKFVAT.jpg\",\"width\":1587,\"height\":2245},{\"@type\":\"BreadcrumbList\",\"@id\":\"https:\/\/www.festivalvedy.sk\/wp2\/kosicky-a-presovsky-kraj\/#breadcrumb\",\"itemListElement\":[{\"@type\":\"ListItem\",\"position\":1,\"name\":\"Home\",\"item\":\"https:\/\/www.festivalvedy.sk\/wp2\/\"},{\"@type\":\"ListItem\",\"position\":2,\"name\":\"Ko\u0161ick\u00fd a Pre\u0161ovsk\u00fd kraj\"}]},{\"@type\":\"WebSite\",\"@id\":\"https:\/\/www.festivalvedy.sk\/wp2\/#website\",\"url\":\"https:\/\/www.festivalvedy.sk\/wp2\/\",\"name\":\"Festival vedy a techniky AMAVET\",\"description\":\"AMAVET - Asoci\u00e1cia pre ml\u00e1de\u017e, vedu a techniku\",\"publisher\":{\"@id\":\"https:\/\/www.festivalvedy.sk\/wp2\/#organization\"},\"potentialAction\":[{\"@type\":\"SearchAction\",\"target\":{\"@type\":\"EntryPoint\",\"urlTemplate\":\"https:\/\/www.festivalvedy.sk\/wp2\/?s={search_term_string}\"},\"query-input\":{\"@type\":\"PropertyValueSpecification\",\"valueRequired\":true,\"valueName\":\"search_term_string\"}}],\"inLanguage\":\"sk-SK\"},{\"@type\":\"Organization\",\"@id\":\"https:\/\/www.festivalvedy.sk\/wp2\/#organization\",\"name\":\"Festival vedy a techniky AMAVET\",\"url\":\"https:\/\/www.festivalvedy.sk\/wp2\/\",\"logo\":{\"@type\":\"ImageObject\",\"inLanguage\":\"sk-SK\",\"@id\":\"https:\/\/www.festivalvedy.sk\/wp2\/#\/schema\/logo\/image\/\",\"url\":\"https:\/\/www.festivalvedy.sk\/wp2\/wp-content\/uploads\/2022\/02\/cropped-fvat-ochranna-zona.png\",\"contentUrl\":\"https:\/\/www.festivalvedy.sk\/wp2\/wp-content\/uploads\/2022\/02\/cropped-fvat-ochranna-zona.png\",\"width\":1190,\"height\":357,\"caption\":\"Festival vedy a techniky AMAVET\"},\"image\":{\"@id\":\"https:\/\/www.festivalvedy.sk\/wp2\/#\/schema\/logo\/image\/\"}}]}<\/script>\n<!-- \/ Yoast SEO plugin. -->","yoast_head_json":{"title":"Ko\u0161ick\u00fd a Pre\u0161ovsk\u00fd kraj - Festival vedy a techniky AMAVET","robots":{"index":"index","follow":"follow","max-snippet":"max-snippet:-1","max-image-preview":"max-image-preview:large","max-video-preview":"max-video-preview:-1"},"canonical":"https:\/\/www.festivalvedy.sk\/wp2\/kosicky-a-presovsky-kraj\/","og_locale":"sk_SK","og_type":"article","og_title":"Ko\u0161ick\u00fd a Pre\u0161ovsk\u00fd kraj - Festival vedy a techniky AMAVET","og_description":"&nbsp;&nbsp;&nbsp;&nbsp;&nbsp;&nbsp;&nbsp;&nbsp;&nbsp;&nbsp;&nbsp;&nbsp;&nbsp;&nbsp;&nbsp;&nbsp;&nbsp;&nbsp;&nbsp;&nbsp; D\u00e1tum a miesto konania: 17.10.2025, Pr\u00edrodovedeck\u00e1 fakulta UPJ\u0160 v Ko\u0161iciach, Jesenn\u00e1 5, Ko\u0161ice Prihlasovanie do 30.9.2025 (vr\u00e1tane). Program 8:00-9:00 Registr\u00e1cia pr\u00edprava st\u00e1nkov9:00-9:15 Otvorenie podujatia9:15 \u2013 14:00 hodnotenie projektov11:00-12:00 Obed pod\u013ea skup\u00edn15:00-16:00 Vyhl\u00e1senie v\u00fdsledkov * Program sa via\u017ee na hodnotenie projektov. Preto si pros\u00edm svoj odchod napl\u00e1nujte s \u010dasovou rezervou. Koordin\u00e1tor krajsk\u00e9ho kola RNDr. Mari\u00e1n [&hellip;]","og_url":"https:\/\/www.festivalvedy.sk\/wp2\/kosicky-a-presovsky-kraj\/","og_site_name":"Festival vedy a techniky AMAVET","article_modified_time":"2025-10-13T06:07:17+00:00","og_image":[{"url":"https:\/\/www.festivalvedy.sk\/wp2\/wp-content\/uploads\/2025\/07\/NR-KKFVAT.jpg","type":"","width":"","height":""}],"twitter_card":"summary_large_image","twitter_misc":{"Predpokladan\u00fd \u010das \u010d\u00edtania":"2 min\u00faty"},"schema":{"@context":"https:\/\/schema.org","@graph":[{"@type":"WebPage","@id":"https:\/\/www.festivalvedy.sk\/wp2\/kosicky-a-presovsky-kraj\/","url":"https:\/\/www.festivalvedy.sk\/wp2\/kosicky-a-presovsky-kraj\/","name":"Ko\u0161ick\u00fd a Pre\u0161ovsk\u00fd kraj - Festival vedy a techniky AMAVET","isPartOf":{"@id":"https:\/\/www.festivalvedy.sk\/wp2\/#website"},"primaryImageOfPage":{"@id":"https:\/\/www.festivalvedy.sk\/wp2\/kosicky-a-presovsky-kraj\/#primaryimage"},"image":{"@id":"https:\/\/www.festivalvedy.sk\/wp2\/kosicky-a-presovsky-kraj\/#primaryimage"},"thumbnailUrl":"https:\/\/www.festivalvedy.sk\/wp2\/wp-content\/uploads\/2025\/07\/NR-KKFVAT.jpg","datePublished":"2019-09-14T17:19:11+00:00","dateModified":"2025-10-13T06:07:17+00:00","breadcrumb":{"@id":"https:\/\/www.festivalvedy.sk\/wp2\/kosicky-a-presovsky-kraj\/#breadcrumb"},"inLanguage":"sk-SK","potentialAction":[{"@type":"ReadAction","target":["https:\/\/www.festivalvedy.sk\/wp2\/kosicky-a-presovsky-kraj\/"]}]},{"@type":"ImageObject","inLanguage":"sk-SK","@id":"https:\/\/www.festivalvedy.sk\/wp2\/kosicky-a-presovsky-kraj\/#primaryimage","url":"https:\/\/www.festivalvedy.sk\/wp2\/wp-content\/uploads\/2025\/07\/NR-KKFVAT.jpg","contentUrl":"https:\/\/www.festivalvedy.sk\/wp2\/wp-content\/uploads\/2025\/07\/NR-KKFVAT.jpg","width":1587,"height":2245},{"@type":"BreadcrumbList","@id":"https:\/\/www.festivalvedy.sk\/wp2\/kosicky-a-presovsky-kraj\/#breadcrumb","itemListElement":[{"@type":"ListItem","position":1,"name":"Home","item":"https:\/\/www.festivalvedy.sk\/wp2\/"},{"@type":"ListItem","position":2,"name":"Ko\u0161ick\u00fd a Pre\u0161ovsk\u00fd kraj"}]},{"@type":"WebSite","@id":"https:\/\/www.festivalvedy.sk\/wp2\/#website","url":"https:\/\/www.festivalvedy.sk\/wp2\/","name":"Festival vedy a techniky AMAVET","description":"AMAVET - Asoci\u00e1cia pre ml\u00e1de\u017e, vedu a techniku","publisher":{"@id":"https:\/\/www.festivalvedy.sk\/wp2\/#organization"},"potentialAction":[{"@type":"SearchAction","target":{"@type":"EntryPoint","urlTemplate":"https:\/\/www.festivalvedy.sk\/wp2\/?s={search_term_string}"},"query-input":{"@type":"PropertyValueSpecification","valueRequired":true,"valueName":"search_term_string"}}],"inLanguage":"sk-SK"},{"@type":"Organization","@id":"https:\/\/www.festivalvedy.sk\/wp2\/#organization","name":"Festival vedy a techniky AMAVET","url":"https:\/\/www.festivalvedy.sk\/wp2\/","logo":{"@type":"ImageObject","inLanguage":"sk-SK","@id":"https:\/\/www.festivalvedy.sk\/wp2\/#\/schema\/logo\/image\/","url":"https:\/\/www.festivalvedy.sk\/wp2\/wp-content\/uploads\/2022\/02\/cropped-fvat-ochranna-zona.png","contentUrl":"https:\/\/www.festivalvedy.sk\/wp2\/wp-content\/uploads\/2022\/02\/cropped-fvat-ochranna-zona.png","width":1190,"height":357,"caption":"Festival vedy a techniky AMAVET"},"image":{"@id":"https:\/\/www.festivalvedy.sk\/wp2\/#\/schema\/logo\/image\/"}}]}},"_links":{"self":[{"href":"https:\/\/www.festivalvedy.sk\/wp2\/wp-json\/wp\/v2\/pages\/77","targetHints":{"allow":["GET"]}}],"collection":[{"href":"https:\/\/www.festivalvedy.sk\/wp2\/wp-json\/wp\/v2\/pages"}],"about":[{"href":"https:\/\/www.festivalvedy.sk\/wp2\/wp-json\/wp\/v2\/types\/page"}],"author":[{"embeddable":true,"href":"https:\/\/www.festivalvedy.sk\/wp2\/wp-json\/wp\/v2\/users\/1"}],"replies":[{"embeddable":true,"href":"https:\/\/www.festivalvedy.sk\/wp2\/wp-json\/wp\/v2\/comments?post=77"}],"version-history":[{"count":7,"href":"https:\/\/www.festivalvedy.sk\/wp2\/wp-json\/wp\/v2\/pages\/77\/revisions"}],"predecessor-version":[{"id":5192,"href":"https:\/\/www.festivalvedy.sk\/wp2\/wp-json\/wp\/v2\/pages\/77\/revisions\/5192"}],"wp:attachment":[{"href":"https:\/\/www.festivalvedy.sk\/wp2\/wp-json\/wp\/v2\/media?parent=77"}],"curies":[{"name":"wp","href":"https:\/\/api.w.org\/{rel}","templated":true}]}}