{"id":79,"date":"2019-09-14T19:19:58","date_gmt":"2019-09-14T17:19:58","guid":{"rendered":"https:\/\/www.festivalvedy.sk\/wp2\/?page_id=79"},"modified":"2025-07-09T10:50:12","modified_gmt":"2025-07-09T08:50:12","slug":"trenciansky-kraj","status":"publish","type":"page","link":"https:\/\/www.festivalvedy.sk\/wp2\/trenciansky-kraj\/","title":{"rendered":"Tren\u010diansky kraj"},"content":{"rendered":"<section class=\"kc-elm kc-css-300795 kc_row\"><div class=\"kc-row-container  kc-container\"><div class=\"kc-wrap-columns\"><div class=\"kc-elm kc-css-328455 kc_col-sm-12 kc_column kc_col-sm-12\"><div class=\"kc-col-container\"><div class=\"kc-elm kc-css-811729 kc_text_block\"><p>\u00a0 \u00a0 \u00a0 \u00a0 \u00a0 \u00a0 \u00a0 \u00a0 \u00a0<img loading=\"lazy\" decoding=\"async\" class=\"alignnone \" src=\"https:\/\/www.festivalvedy.sk\/wp2\/wp-content\/uploads\/2025\/07\/TR-kraj_2025.jpg\" alt=\"\" width=\"206\" height=\"292\" \/>\u00a0\u00a0\u00a0\u00a0\u00a0\u00a0\u00a0\u00a0\u00a0\u00a0\u00a0\u00a0\u00a0\u00a0\u00a0\u00a0\u00a0\u00a0\u00a0\u00a0\u00a0\u00a0\u00a0\u00a0\u00a0\u00a0 <\/p>\n<p>D\u00e1tum a miesto konania : 16.10.2025, Budova Mestskej umeleckej agent\u00fary, Makarenkova 214, Partiz\u00e1nske<\/p>\n<p>Prihlasovanie do 30.9.2025 (vr\u00e1tane).<\/p>\n<p><!-- \/wp:post-content --><\/p>\n<p><!-- wp:paragraph --><\/p>\n<p><strong>Program<\/strong><\/p>\n<p><!-- \/wp:paragraph --><\/p>\n<p><!-- wp:paragraph --><\/p>\n<p>08.30 \u2013 09.15 Registr\u00e1cia \u00fa\u010dastn\u00edkov a\u00a0in\u0161tal\u00e1cia prezent\u00e1cii<\/p>\n<p>09.30 \u2013 10.00 Sl\u00e1vnostn\u00e9 otvorenie KFVAT\u00a0<\/p>\n<p>10.00 &#8211; 13.00 Prezent\u00e1cia a\u00a0hodnotenie projektov\u00a0<\/p>\n<p>13.00 \u2013 13.45 Obed<\/p>\n<p>13.45 \u2013 14.30 Prezent\u00e1cia AMAVET klub.\u010d.808 VTM<\/p>\n<p>14.30 \u2013 15.00 Sl\u00e1vnostn\u00e9 vyhodnotenie krajsk\u00e9ho festivalu<\/p>\n<p>* Program je orienta\u010dn\u00fd a bude sa viaza\u0165 na hodnotenie projektov. Preto si pros\u00edm svoj odchod napl\u00e1nujte s \u010dasovou rezervou.<\/p>\n<p><!-- \/wp:paragraph --><\/p>\n<p><!-- wp:paragraph --><\/p>\n<p><strong>Koordin\u00e1tor krajsk\u00e9ho kola<br \/><\/strong><\/p>\n<p><!-- \/wp:paragraph --><\/p>\n<p><!-- wp:paragraph --><\/p>\n<p>Vladim\u00edr Me\u0161ter, vladimir.mester[zavinac]hvezdaren.sk,\u00a0<span style=\"font-style: inherit;\">AMAVET klub 808 Partiz\u00e1nske<\/span><\/p>\n<p><span style=\"font-style: inherit;\"><a href=\"http:\/\/www.hvezdaren.sk\">www.hvezdaren.sk<\/a><br \/><\/span><\/p>\n<p><!-- \/wp:paragraph --><\/p>\n<p><!-- wp:paragraph --><\/p>\n<p><strong>Hodnotiaca komisia<\/strong><\/p>\n<p>Ing. \u013dudov\u00edt Baran\u010dek<br \/>Peter Cabuka<br \/>Ing. Eva Vysko\u010dilov\u00e1<br \/>Mgr. Martin Zn\u00e1\u0161ik<br \/>Ing. Petra N\u00e9methov\u00e1<br \/>Ing. Katar\u00edna Hartmannov\u00e1<br \/>Ing. Karol Cs\u00f3ka <br \/>Ing. Tom\u00e1\u0161 Pajda<br \/>Ing. Vladislav Gubka<br \/>Ing. Peter Vere\u0161<br \/>Ing. Adrian \u0160ev\u010d\u00edk<br \/>Martin Kom\u017e\u00edk<\/p>\n<p><!-- \/wp:paragraph --><\/p>\n<p><!-- wp:paragraph --><\/p>\n<p><strong>Partneri podujatia<\/strong><\/p>\n<p><!-- \/wp:paragraph --><\/p>\n<p><!-- wp:image {\"width\":236,\"height\":76} --><\/p>\n<figure class=\"wp-block-image is-resized\"><img loading=\"lazy\" decoding=\"async\" class=\"\" src=\"http:\/\/www.festivalvedy.sk\/cms\/images\/2019\/erb_stextom_horiz_.jpg\" alt=\"\" width=\"196\" height=\"63\" \/> \u00a0 \u00a0 \u00a0\u00a0 <img loading=\"lazy\" decoding=\"async\" class=\"\" src=\"http:\/\/www.festivalvedy.sk\/cms\/images\/2019\/erb-partizan.jpg\" alt=\"\" width=\"60\" height=\"73\" \/> \u00a0\u00a0\u00a0\u00a0\u00a0\u00a0 <img loading=\"lazy\" decoding=\"async\" class=\"\" src=\"http:\/\/www.festivalvedy.sk\/cms\/images\/2019\/umelecka-agentura.png\" alt=\"\" width=\"65\" height=\"77\" \/> \u00a0\u00a0\u00a0\u00a0\u00a0\u00a0\u00a0\u00a0 <img loading=\"lazy\" decoding=\"async\" class=\"\" src=\"http:\/\/www.festivalvedy.sk\/cms\/images\/2019\/hvezdaren.jpg\" alt=\"\" width=\"146\" height=\"77\" \/><\/figure>\n<p><!-- \/wp:image --><\/p>\n<p><!-- wp:image {\"width\":79,\"height\":96} --><\/p>\n<p><!-- \/wp:image --><\/p>\n<p><!-- wp:image {\"width\":81,\"height\":96} --><\/p>\n<p><!-- \/wp:image --><\/p>\n<p><!-- wp:image {\"width\":192,\"height\":101} --><\/p>\n<p><!-- \/wp:image --><\/p>\n<\/div>\n<div class=\"kc-elm kc-css-715191\">\n\t<a class=\"kc_button\" href=\"https:\/\/www.festivalvedy.sk\/wp2\/registracia-projektu\/\" target=\"_self\" title=\"\" onclick=\"\">\n\t\tPrihl\u00e1si\u0165 projekt\t<\/a>\n<\/div>\n<\/div><\/div><\/div><\/div><\/section>","protected":false},"excerpt":{"rendered":"","protected":false},"author":1,"featured_media":0,"parent":0,"menu_order":0,"comment_status":"closed","ping_status":"closed","template":"","meta":{"om_disable_all_campaigns":false,"_monsterinsights_skip_tracking":false,"_monsterinsights_sitenote_active":false,"_monsterinsights_sitenote_note":"","_monsterinsights_sitenote_category":0,"_uf_show_specific_survey":0,"_uf_disable_surveys":false,"footnotes":""},"class_list":["post-79","page","type-page","status-publish","hentry"],"yoast_head":"<!-- This site is optimized with the Yoast SEO plugin v27.2 - https:\/\/yoast.com\/product\/yoast-seo-wordpress\/ -->\n<title>Tren\u010diansky kraj - Festival vedy a techniky AMAVET<\/title>\n<meta name=\"robots\" content=\"index, follow, max-snippet:-1, max-image-preview:large, max-video-preview:-1\" \/>\n<link rel=\"canonical\" href=\"https:\/\/www.festivalvedy.sk\/wp2\/trenciansky-kraj\/\" \/>\n<meta property=\"og:locale\" content=\"sk_SK\" \/>\n<meta property=\"og:type\" content=\"article\" \/>\n<meta property=\"og:title\" content=\"Tren\u010diansky kraj - Festival vedy a techniky AMAVET\" \/>\n<meta property=\"og:description\" content=\"\u00a0 \u00a0 \u00a0 \u00a0 \u00a0 \u00a0 \u00a0 \u00a0 \u00a0\u00a0\u00a0\u00a0\u00a0\u00a0\u00a0\u00a0\u00a0\u00a0\u00a0\u00a0\u00a0\u00a0\u00a0\u00a0\u00a0\u00a0\u00a0\u00a0\u00a0\u00a0\u00a0\u00a0\u00a0\u00a0\u00a0 D\u00e1tum a miesto konania : 16.10.2025, Budova Mestskej umeleckej agent\u00fary, Makarenkova 214, Partiz\u00e1nske Prihlasovanie do 30.9.2025 (vr\u00e1tane). Program 08.30 \u2013 09.15 Registr\u00e1cia \u00fa\u010dastn\u00edkov a\u00a0in\u0161tal\u00e1cia prezent\u00e1cii 09.30 \u2013 10.00 Sl\u00e1vnostn\u00e9 otvorenie KFVAT\u00a0 10.00 &#8211; 13.00 Prezent\u00e1cia a\u00a0hodnotenie projektov\u00a0 13.00 \u2013 13.45 Obed 13.45 \u2013 14.30 Prezent\u00e1cia AMAVET [&hellip;]\" \/>\n<meta property=\"og:url\" content=\"https:\/\/www.festivalvedy.sk\/wp2\/trenciansky-kraj\/\" \/>\n<meta property=\"og:site_name\" content=\"Festival vedy a techniky AMAVET\" \/>\n<meta property=\"article:modified_time\" content=\"2025-07-09T08:50:12+00:00\" \/>\n<meta property=\"og:image\" content=\"https:\/\/www.festivalvedy.sk\/wp2\/wp-content\/uploads\/2025\/07\/TR-kraj_2025.jpg\" \/>\n<meta name=\"twitter:card\" content=\"summary_large_image\" \/>\n<meta name=\"twitter:label1\" content=\"Predpokladan\u00fd \u010das \u010d\u00edtania\" \/>\n\t<meta name=\"twitter:data1\" content=\"2 min\u00faty\" \/>\n<script type=\"application\/ld+json\" class=\"yoast-schema-graph\">{\"@context\":\"https:\/\/schema.org\",\"@graph\":[{\"@type\":\"WebPage\",\"@id\":\"https:\/\/www.festivalvedy.sk\/wp2\/trenciansky-kraj\/\",\"url\":\"https:\/\/www.festivalvedy.sk\/wp2\/trenciansky-kraj\/\",\"name\":\"Tren\u010diansky kraj - Festival vedy a techniky AMAVET\",\"isPartOf\":{\"@id\":\"https:\/\/www.festivalvedy.sk\/wp2\/#website\"},\"primaryImageOfPage\":{\"@id\":\"https:\/\/www.festivalvedy.sk\/wp2\/trenciansky-kraj\/#primaryimage\"},\"image\":{\"@id\":\"https:\/\/www.festivalvedy.sk\/wp2\/trenciansky-kraj\/#primaryimage\"},\"thumbnailUrl\":\"https:\/\/www.festivalvedy.sk\/wp2\/wp-content\/uploads\/2025\/07\/TR-kraj_2025.jpg\",\"datePublished\":\"2019-09-14T17:19:58+00:00\",\"dateModified\":\"2025-07-09T08:50:12+00:00\",\"breadcrumb\":{\"@id\":\"https:\/\/www.festivalvedy.sk\/wp2\/trenciansky-kraj\/#breadcrumb\"},\"inLanguage\":\"sk-SK\",\"potentialAction\":[{\"@type\":\"ReadAction\",\"target\":[\"https:\/\/www.festivalvedy.sk\/wp2\/trenciansky-kraj\/\"]}]},{\"@type\":\"ImageObject\",\"inLanguage\":\"sk-SK\",\"@id\":\"https:\/\/www.festivalvedy.sk\/wp2\/trenciansky-kraj\/#primaryimage\",\"url\":\"https:\/\/www.festivalvedy.sk\/wp2\/wp-content\/uploads\/2025\/07\/TR-kraj_2025.jpg\",\"contentUrl\":\"https:\/\/www.festivalvedy.sk\/wp2\/wp-content\/uploads\/2025\/07\/TR-kraj_2025.jpg\",\"width\":1587,\"height\":2245},{\"@type\":\"BreadcrumbList\",\"@id\":\"https:\/\/www.festivalvedy.sk\/wp2\/trenciansky-kraj\/#breadcrumb\",\"itemListElement\":[{\"@type\":\"ListItem\",\"position\":1,\"name\":\"Home\",\"item\":\"https:\/\/www.festivalvedy.sk\/wp2\/\"},{\"@type\":\"ListItem\",\"position\":2,\"name\":\"Tren\u010diansky kraj\"}]},{\"@type\":\"WebSite\",\"@id\":\"https:\/\/www.festivalvedy.sk\/wp2\/#website\",\"url\":\"https:\/\/www.festivalvedy.sk\/wp2\/\",\"name\":\"Festival vedy a techniky AMAVET\",\"description\":\"AMAVET - Asoci\u00e1cia pre ml\u00e1de\u017e, vedu a techniku\",\"publisher\":{\"@id\":\"https:\/\/www.festivalvedy.sk\/wp2\/#organization\"},\"potentialAction\":[{\"@type\":\"SearchAction\",\"target\":{\"@type\":\"EntryPoint\",\"urlTemplate\":\"https:\/\/www.festivalvedy.sk\/wp2\/?s={search_term_string}\"},\"query-input\":{\"@type\":\"PropertyValueSpecification\",\"valueRequired\":true,\"valueName\":\"search_term_string\"}}],\"inLanguage\":\"sk-SK\"},{\"@type\":\"Organization\",\"@id\":\"https:\/\/www.festivalvedy.sk\/wp2\/#organization\",\"name\":\"Festival vedy a techniky AMAVET\",\"url\":\"https:\/\/www.festivalvedy.sk\/wp2\/\",\"logo\":{\"@type\":\"ImageObject\",\"inLanguage\":\"sk-SK\",\"@id\":\"https:\/\/www.festivalvedy.sk\/wp2\/#\/schema\/logo\/image\/\",\"url\":\"https:\/\/www.festivalvedy.sk\/wp2\/wp-content\/uploads\/2022\/02\/cropped-fvat-ochranna-zona.png\",\"contentUrl\":\"https:\/\/www.festivalvedy.sk\/wp2\/wp-content\/uploads\/2022\/02\/cropped-fvat-ochranna-zona.png\",\"width\":1190,\"height\":357,\"caption\":\"Festival vedy a techniky AMAVET\"},\"image\":{\"@id\":\"https:\/\/www.festivalvedy.sk\/wp2\/#\/schema\/logo\/image\/\"}}]}<\/script>\n<!-- \/ Yoast SEO plugin. -->","yoast_head_json":{"title":"Tren\u010diansky kraj - Festival vedy a techniky AMAVET","robots":{"index":"index","follow":"follow","max-snippet":"max-snippet:-1","max-image-preview":"max-image-preview:large","max-video-preview":"max-video-preview:-1"},"canonical":"https:\/\/www.festivalvedy.sk\/wp2\/trenciansky-kraj\/","og_locale":"sk_SK","og_type":"article","og_title":"Tren\u010diansky kraj - Festival vedy a techniky AMAVET","og_description":"\u00a0 \u00a0 \u00a0 \u00a0 \u00a0 \u00a0 \u00a0 \u00a0 \u00a0\u00a0\u00a0\u00a0\u00a0\u00a0\u00a0\u00a0\u00a0\u00a0\u00a0\u00a0\u00a0\u00a0\u00a0\u00a0\u00a0\u00a0\u00a0\u00a0\u00a0\u00a0\u00a0\u00a0\u00a0\u00a0\u00a0 D\u00e1tum a miesto konania : 16.10.2025, Budova Mestskej umeleckej agent\u00fary, Makarenkova 214, Partiz\u00e1nske Prihlasovanie do 30.9.2025 (vr\u00e1tane). Program 08.30 \u2013 09.15 Registr\u00e1cia \u00fa\u010dastn\u00edkov a\u00a0in\u0161tal\u00e1cia prezent\u00e1cii 09.30 \u2013 10.00 Sl\u00e1vnostn\u00e9 otvorenie KFVAT\u00a0 10.00 &#8211; 13.00 Prezent\u00e1cia a\u00a0hodnotenie projektov\u00a0 13.00 \u2013 13.45 Obed 13.45 \u2013 14.30 Prezent\u00e1cia AMAVET [&hellip;]","og_url":"https:\/\/www.festivalvedy.sk\/wp2\/trenciansky-kraj\/","og_site_name":"Festival vedy a techniky AMAVET","article_modified_time":"2025-07-09T08:50:12+00:00","og_image":[{"url":"https:\/\/www.festivalvedy.sk\/wp2\/wp-content\/uploads\/2025\/07\/TR-kraj_2025.jpg","type":"","width":"","height":""}],"twitter_card":"summary_large_image","twitter_misc":{"Predpokladan\u00fd \u010das \u010d\u00edtania":"2 min\u00faty"},"schema":{"@context":"https:\/\/schema.org","@graph":[{"@type":"WebPage","@id":"https:\/\/www.festivalvedy.sk\/wp2\/trenciansky-kraj\/","url":"https:\/\/www.festivalvedy.sk\/wp2\/trenciansky-kraj\/","name":"Tren\u010diansky kraj - Festival vedy a techniky AMAVET","isPartOf":{"@id":"https:\/\/www.festivalvedy.sk\/wp2\/#website"},"primaryImageOfPage":{"@id":"https:\/\/www.festivalvedy.sk\/wp2\/trenciansky-kraj\/#primaryimage"},"image":{"@id":"https:\/\/www.festivalvedy.sk\/wp2\/trenciansky-kraj\/#primaryimage"},"thumbnailUrl":"https:\/\/www.festivalvedy.sk\/wp2\/wp-content\/uploads\/2025\/07\/TR-kraj_2025.jpg","datePublished":"2019-09-14T17:19:58+00:00","dateModified":"2025-07-09T08:50:12+00:00","breadcrumb":{"@id":"https:\/\/www.festivalvedy.sk\/wp2\/trenciansky-kraj\/#breadcrumb"},"inLanguage":"sk-SK","potentialAction":[{"@type":"ReadAction","target":["https:\/\/www.festivalvedy.sk\/wp2\/trenciansky-kraj\/"]}]},{"@type":"ImageObject","inLanguage":"sk-SK","@id":"https:\/\/www.festivalvedy.sk\/wp2\/trenciansky-kraj\/#primaryimage","url":"https:\/\/www.festivalvedy.sk\/wp2\/wp-content\/uploads\/2025\/07\/TR-kraj_2025.jpg","contentUrl":"https:\/\/www.festivalvedy.sk\/wp2\/wp-content\/uploads\/2025\/07\/TR-kraj_2025.jpg","width":1587,"height":2245},{"@type":"BreadcrumbList","@id":"https:\/\/www.festivalvedy.sk\/wp2\/trenciansky-kraj\/#breadcrumb","itemListElement":[{"@type":"ListItem","position":1,"name":"Home","item":"https:\/\/www.festivalvedy.sk\/wp2\/"},{"@type":"ListItem","position":2,"name":"Tren\u010diansky kraj"}]},{"@type":"WebSite","@id":"https:\/\/www.festivalvedy.sk\/wp2\/#website","url":"https:\/\/www.festivalvedy.sk\/wp2\/","name":"Festival vedy a techniky AMAVET","description":"AMAVET - Asoci\u00e1cia pre ml\u00e1de\u017e, vedu a techniku","publisher":{"@id":"https:\/\/www.festivalvedy.sk\/wp2\/#organization"},"potentialAction":[{"@type":"SearchAction","target":{"@type":"EntryPoint","urlTemplate":"https:\/\/www.festivalvedy.sk\/wp2\/?s={search_term_string}"},"query-input":{"@type":"PropertyValueSpecification","valueRequired":true,"valueName":"search_term_string"}}],"inLanguage":"sk-SK"},{"@type":"Organization","@id":"https:\/\/www.festivalvedy.sk\/wp2\/#organization","name":"Festival vedy a techniky AMAVET","url":"https:\/\/www.festivalvedy.sk\/wp2\/","logo":{"@type":"ImageObject","inLanguage":"sk-SK","@id":"https:\/\/www.festivalvedy.sk\/wp2\/#\/schema\/logo\/image\/","url":"https:\/\/www.festivalvedy.sk\/wp2\/wp-content\/uploads\/2022\/02\/cropped-fvat-ochranna-zona.png","contentUrl":"https:\/\/www.festivalvedy.sk\/wp2\/wp-content\/uploads\/2022\/02\/cropped-fvat-ochranna-zona.png","width":1190,"height":357,"caption":"Festival vedy a techniky AMAVET"},"image":{"@id":"https:\/\/www.festivalvedy.sk\/wp2\/#\/schema\/logo\/image\/"}}]}},"_links":{"self":[{"href":"https:\/\/www.festivalvedy.sk\/wp2\/wp-json\/wp\/v2\/pages\/79","targetHints":{"allow":["GET"]}}],"collection":[{"href":"https:\/\/www.festivalvedy.sk\/wp2\/wp-json\/wp\/v2\/pages"}],"about":[{"href":"https:\/\/www.festivalvedy.sk\/wp2\/wp-json\/wp\/v2\/types\/page"}],"author":[{"embeddable":true,"href":"https:\/\/www.festivalvedy.sk\/wp2\/wp-json\/wp\/v2\/users\/1"}],"replies":[{"embeddable":true,"href":"https:\/\/www.festivalvedy.sk\/wp2\/wp-json\/wp\/v2\/comments?post=79"}],"version-history":[{"count":8,"href":"https:\/\/www.festivalvedy.sk\/wp2\/wp-json\/wp\/v2\/pages\/79\/revisions"}],"predecessor-version":[{"id":5123,"href":"https:\/\/www.festivalvedy.sk\/wp2\/wp-json\/wp\/v2\/pages\/79\/revisions\/5123"}],"wp:attachment":[{"href":"https:\/\/www.festivalvedy.sk\/wp2\/wp-json\/wp\/v2\/media?parent=79"}],"curies":[{"name":"wp","href":"https:\/\/api.w.org\/{rel}","templated":true}]}}